{"id":8675,"date":"2020-09-01T12:15:04","date_gmt":"2020-09-01T12:15:04","guid":{"rendered":"https:\/\/cinarboru.com\/en\/?page_id=8675"},"modified":"2020-12-27T22:58:34","modified_gmt":"2020-12-27T22:58:34","slug":"cinar-celik","status":"publish","type":"page","link":"https:\/\/cinarboru.com\/en\/cinar-celik\/","title":{"rendered":"\u00c7\u0131nar \u00c7elik"},"content":{"rendered":"","protected":false},"excerpt":{"rendered":"","protected":false},"author":1,"featured_media":0,"parent":0,"menu_order":0,"comment_status":"closed","ping_status":"closed","template":"","meta":{"footnotes":""},"class_list":["post-8675","page","type-page","status-publish","hentry"],"_links":{"self":[{"href":"https:\/\/cinarboru.com\/en\/wp-json\/wp\/v2\/pages\/8675","targetHints":{"allow":["GET"]}}],"collection":[{"href":"https:\/\/cinarboru.com\/en\/wp-json\/wp\/v2\/pages"}],"about":[{"href":"https:\/\/cinarboru.com\/en\/wp-json\/wp\/v2\/types\/page"}],"author":[{"embeddable":true,"href":"https:\/\/cinarboru.com\/en\/wp-json\/wp\/v2\/users\/1"}],"replies":[{"embeddable":true,"href":"https:\/\/cinarboru.com\/en\/wp-json\/wp\/v2\/comments?post=8675"}],"version-history":[{"count":5,"href":"https:\/\/cinarboru.com\/en\/wp-json\/wp\/v2\/pages\/8675\/revisions"}],"predecessor-version":[{"id":9634,"href":"https:\/\/cinarboru.com\/en\/wp-json\/wp\/v2\/pages\/8675\/revisions\/9634"}],"wp:attachment":[{"href":"https:\/\/cinarboru.com\/en\/wp-json\/wp\/v2\/media?parent=8675"}],"curies":[{"name":"wp","href":"https:\/\/api.w.org\/{rel}","templated":true}]}}